{"id":72,"date":"2025-07-31T15:49:02","date_gmt":"2025-07-31T15:49:02","guid":{"rendered":"https:\/\/se-sermas.azurewebsites.net\/?page_id=72"},"modified":"2026-02-13T19:51:50","modified_gmt":"2026-02-13T19:51:50","slug":"taller-en-linea","status":"publish","type":"page","link":"https:\/\/se-sermas.azurewebsites.net\/index.php\/taller-en-linea\/","title":{"rendered":"Taller en L\u00ednea"},"content":{"rendered":"<p>[et_pb_section fb_built=&#8221;1&#8243; _builder_version=&#8221;4.27.4&#8243; _module_preset=&#8221;default&#8221; custom_margin=&#8221;||-13px||false|false&#8221; global_colors_info=&#8221;{}&#8221;][et_pb_row _builder_version=&#8221;4.27.4&#8243; _module_preset=&#8221;default&#8221; global_colors_info=&#8221;{}&#8221;][et_pb_column type=&#8221;4_4&#8243; _builder_version=&#8221;4.27.4&#8243; _module_preset=&#8221;default&#8221; global_colors_info=&#8221;{}&#8221;][et_pb_text _builder_version=&#8221;4.27.4&#8243; _module_preset=&#8221;default&#8221; text_orientation=&#8221;center&#8221; global_colors_info=&#8221;{}&#8221;]<\/p>\n<h3><span style=\"font-size: xx-large;\"><b>\u00a1Buenas noticias! se extiende la fecha para culminar la <br \/><\/b><\/span><\/h3>\n<h3><span style=\"font-size: xx-large;\"><b>capacitaci\u00f3n en l\u00ednea hasta el 13 de marzo de 2026.<\/b><\/span><\/h3>\n<p>[\/et_pb_text][\/et_pb_column][\/et_pb_row][\/et_pb_section][et_pb_section fb_built=&#8221;1&#8243; _builder_version=&#8221;4.27.4&#8243; _module_preset=&#8221;default&#8221; custom_margin=&#8221;||100px||false|false&#8221; custom_padding=&#8221;0px|||||&#8221; global_colors_info=&#8221;{}&#8221;][et_pb_row column_structure=&#8221;1_2,1_2&#8243; _builder_version=&#8221;4.27.4&#8243; _module_preset=&#8221;default&#8221; min_height=&#8221;674.4px&#8221; global_colors_info=&#8221;{}&#8221;][et_pb_column type=&#8221;1_2&#8243; _builder_version=&#8221;4.27.4&#8243; _module_preset=&#8221;default&#8221; global_colors_info=&#8221;{}&#8221;][et_pb_text _builder_version=&#8221;4.27.4&#8243; _module_preset=&#8221;default&#8221; header_font=&#8221;||||||||&#8221; header_text_align=&#8221;left&#8221; header_font_size=&#8221;50px&#8221; custom_padding=&#8221;||100px||false|false&#8221; global_colors_info=&#8221;{}&#8221;]<\/p>\n<h1>Taller en l\u00ednea (docentes y directivos)<\/h1>\n<h2><span style=\"font-weight: 400;\">Del <\/span><b>17 de septiembre al 13 de marzo de 2026<\/b><\/h2>\n<p>&nbsp;<\/p>\n<p>[\/et_pb_text][et_pb_image src=&#8221;https:\/\/se-sermas.azurewebsites.net\/wp-content\/uploads\/2025\/08\/Captura-de-pantalla-2025-08-13-210403.png&#8221; title_text=&#8221;Captura de pantalla 2025-08-13 210403&#8243; show_bottom_space=&#8221;off&#8221; _builder_version=&#8221;4.27.4&#8243; _module_preset=&#8221;default&#8221; max_width=&#8221;500px&#8221; custom_margin=&#8221;-100px||||false|false&#8221; custom_margin_tablet=&#8221;&#8221; custom_margin_phone=&#8221;&#8221; custom_margin_last_edited=&#8221;on|phone&#8221; custom_padding=&#8221;0px||||false|false&#8221; global_colors_info=&#8221;{}&#8221;][\/et_pb_image][\/et_pb_column][et_pb_column type=&#8221;1_2&#8243; _builder_version=&#8221;4.27.4&#8243; _module_preset=&#8221;default&#8221; global_colors_info=&#8221;{}&#8221;][et_pb_text _builder_version=&#8221;4.27.4&#8243; _module_preset=&#8221;default&#8221; text_font=&#8221;||||||||&#8221; text_font_size=&#8221;24px&#8221; text_line_height=&#8221;1.8em&#8221; global_colors_info=&#8221;{}&#8221;]<\/p>\n<p>\u00a1Tu formaci\u00f3n continua aqu\u00ed! En esta secci\u00f3n podr\u00e1s completar tu capacitaci\u00f3n para obtener tu certificado USICAMM.<\/p>\n<p>[\/et_pb_text][et_pb_text _builder_version=&#8221;4.27.4&#8243; _module_preset=&#8221;default&#8221; global_colors_info=&#8221;{}&#8221;]<\/p>\n<h4><span style=\"color: #008080;\">Encuentra <span style=\"text-decoration: underline;\"><a href=\"https:\/\/se-sermas.azurewebsites.net\/wp-content\/uploads\/2025\/10\/Tutorial_Taller-Ser-Desarrollo-Socioemocional.pdf\" target=\"_blank\" rel=\"noopener\" style=\"color: #008080; text-decoration: underline;\">aqu\u00ed el turorial<\/a><\/span> del Taller en l\u00ednea para docentes y directivos.<\/span><\/h4>\n<p>[\/et_pb_text][et_pb_image src=&#8221;\/wp-content\/uploads\/2025\/12\/Capacitate-en-ser-Desarrollo-Sociemocional-2.jpg&#8221; title_text=&#8221;Capac\u00edtate en ser+ Desarrollo Sociemocional (2)&#8221; url=&#8221;\/wp-content\/uploads\/2025\/12\/WA_SER_ExtensionTaller_DicEne.pdf&#8221; url_new_window=&#8221;on&#8221; align=&#8221;center&#8221; _builder_version=&#8221;4.27.4&#8243; _module_preset=&#8221;default&#8221; background_color=&#8221;#FFFFFF&#8221; global_colors_info=&#8221;{}&#8221;][\/et_pb_image][\/et_pb_column][\/et_pb_row][et_pb_row _builder_version=&#8221;4.27.4&#8243; _module_preset=&#8221;default&#8221; global_colors_info=&#8221;{}&#8221;][et_pb_column type=&#8221;4_4&#8243; _builder_version=&#8221;4.27.4&#8243; _module_preset=&#8221;default&#8221; global_colors_info=&#8221;{}&#8221;][et_pb_button button_url=&#8221;https:\/\/moodle.seducoahuila.gob.mx\/sermas\/&#8221; url_new_window=&#8221;on&#8221; button_text=&#8221;Accede al taller&#8221; button_alignment=&#8221;center&#8221; _builder_version=&#8221;4.27.4&#8243; _module_preset=&#8221;default&#8221; custom_button=&#8221;on&#8221; button_text_color=&#8221;#FFFFFF&#8221; button_bg_color=&#8221;#FE0064&#8243; button_border_radius=&#8221;20px&#8221; custom_padding=&#8221;15px|25px|15px|25px|true|true&#8221; animation_style=&#8221;bounce&#8221; global_colors_info=&#8221;{}&#8221;][\/et_pb_button][\/et_pb_column][\/et_pb_row][et_pb_row column_structure=&#8221;1_2,1_2&#8243; _builder_version=&#8221;4.27.4&#8243; _module_preset=&#8221;default&#8221; custom_margin=&#8221;80px||||false|false&#8221; global_colors_info=&#8221;{}&#8221;][et_pb_column type=&#8221;1_2&#8243; _builder_version=&#8221;4.27.4&#8243; _module_preset=&#8221;default&#8221; global_colors_info=&#8221;{}&#8221;][et_pb_text _builder_version=&#8221;4.27.4&#8243; _module_preset=&#8221;default&#8221; header_font=&#8221;||||||||&#8221; header_text_align=&#8221;left&#8221; header_font_size=&#8221;50px&#8221; header_line_height=&#8221;1.2em&#8221; custom_padding=&#8221;||100px||false|false&#8221; global_colors_info=&#8221;{}&#8221;]<\/p>\n<h1>Seminario agentes educativos del cambio (mentores\/as Ser+)<\/h1>\n<h2><strong>M\u00f3dulo 1 hasta el <\/strong><b>3 de noviembre de 2025<\/b><\/h2>\n<p>&nbsp;<\/p>\n<p>&nbsp;<\/p>\n<p>[\/et_pb_text][et_pb_image src=&#8221;https:\/\/se-sermas.azurewebsites.net\/wp-content\/uploads\/2025\/09\/Captura-de-pantalla-2025-09-08-135506.png&#8221; title_text=&#8221;Captura de pantalla 2025-09-08 135506&#8243; show_bottom_space=&#8221;off&#8221; _builder_version=&#8221;4.27.4&#8243; _module_preset=&#8221;default&#8221; max_width=&#8221;500px&#8221; custom_margin=&#8221;-100px||||false|false&#8221; custom_margin_tablet=&#8221;&#8221; custom_margin_phone=&#8221;&#8221; custom_margin_last_edited=&#8221;on|phone&#8221; custom_padding=&#8221;0px||||false|false&#8221; global_colors_info=&#8221;{}&#8221;][\/et_pb_image][\/et_pb_column][et_pb_column type=&#8221;1_2&#8243; _builder_version=&#8221;4.27.4&#8243; _module_preset=&#8221;default&#8221; global_colors_info=&#8221;{}&#8221;][et_pb_text _builder_version=&#8221;4.27.4&#8243; _module_preset=&#8221;default&#8221; text_font=&#8221;||||||||&#8221; text_font_size=&#8221;24px&#8221; text_line_height=&#8221;1.8em&#8221; global_colors_info=&#8221;{}&#8221;]<\/p>\n<p>Espacio de formaci\u00f3n de Mentores Ser+, para fortalecer tu liderazgo, habilidades socioemocionales y capacidad para acompa\u00f1ar comunidades educativas en la formaci\u00f3n del programa Ser+ Desarrollo Socioemocional<\/p>\n<p>[\/et_pb_text][et_pb_text _builder_version=&#8221;4.27.4&#8243; _module_preset=&#8221;default&#8221; global_colors_info=&#8221;{}&#8221;]<\/p>\n<h4><span style=\"color: #008080;\">Encuentra <a href=\"https:\/\/se-sermas.azurewebsites.net\/wp-content\/uploads\/2025\/10\/Tutorial-Seminario-en-Moodle-para-Mentores-Ser.pdf\" target=\"_blank\" rel=\"noopener\" style=\"color: #008080; text-decoration: underline;\">aqu\u00ed el tutorial<\/a> del Seminario agentes educativos del cambio.\u00a0<\/span><\/h4>\n<p>[\/et_pb_text][\/et_pb_column][\/et_pb_row][et_pb_row _builder_version=&#8221;4.27.4&#8243; _module_preset=&#8221;default&#8221; global_colors_info=&#8221;{}&#8221;][et_pb_column type=&#8221;4_4&#8243; _builder_version=&#8221;4.27.4&#8243; _module_preset=&#8221;default&#8221; global_colors_info=&#8221;{}&#8221;][et_pb_button button_url=&#8221;https:\/\/moodle.seducoahuila.gob.mx\/sermas\/&#8221; url_new_window=&#8221;on&#8221; button_text=&#8221;Accede al seminario&#8221; button_alignment=&#8221;center&#8221; _builder_version=&#8221;4.27.4&#8243; _module_preset=&#8221;default&#8221; custom_button=&#8221;on&#8221; button_text_color=&#8221;#FFFFFF&#8221; button_bg_color=&#8221;#FE0064&#8243; button_border_radius=&#8221;20px&#8221; custom_padding=&#8221;15px|25px|15px|25px|true|true&#8221; animation_style=&#8221;bounce&#8221; global_colors_info=&#8221;{}&#8221;][\/et_pb_button][\/et_pb_column][\/et_pb_row][\/et_pb_section]<\/p>\n","protected":false},"excerpt":{"rendered":"<p>\u00a1Buenas noticias! se extiende la fecha para culminar la capacitaci\u00f3n en l\u00ednea hasta el 13 de marzo de 2026.Taller en l\u00ednea (docentes y directivos) Del 17 de septiembre al 13 de marzo de 2026 &nbsp;\u00a1Tu formaci\u00f3n continua aqu\u00ed! En esta secci\u00f3n podr\u00e1s completar tu capacitaci\u00f3n para obtener tu certificado USICAMM.Encuentra aqu\u00ed el turorial del Taller [&hellip;]<\/p>\n","protected":false},"author":5,"featured_media":0,"parent":0,"menu_order":0,"comment_status":"closed","ping_status":"closed","template":"","meta":{"_et_pb_use_builder":"on","_et_pb_old_content":"","_et_gb_content_width":"","iawp_total_views":107524,"footnotes":""},"class_list":["post-72","page","type-page","status-publish","hentry"],"_links":{"self":[{"href":"https:\/\/se-sermas.azurewebsites.net\/index.php\/wp-json\/wp\/v2\/pages\/72","targetHints":{"allow":["GET"]}}],"collection":[{"href":"https:\/\/se-sermas.azurewebsites.net\/index.php\/wp-json\/wp\/v2\/pages"}],"about":[{"href":"https:\/\/se-sermas.azurewebsites.net\/index.php\/wp-json\/wp\/v2\/types\/page"}],"author":[{"embeddable":true,"href":"https:\/\/se-sermas.azurewebsites.net\/index.php\/wp-json\/wp\/v2\/users\/5"}],"replies":[{"embeddable":true,"href":"https:\/\/se-sermas.azurewebsites.net\/index.php\/wp-json\/wp\/v2\/comments?post=72"}],"version-history":[{"count":36,"href":"https:\/\/se-sermas.azurewebsites.net\/index.php\/wp-json\/wp\/v2\/pages\/72\/revisions"}],"predecessor-version":[{"id":1708,"href":"https:\/\/se-sermas.azurewebsites.net\/index.php\/wp-json\/wp\/v2\/pages\/72\/revisions\/1708"}],"wp:attachment":[{"href":"https:\/\/se-sermas.azurewebsites.net\/index.php\/wp-json\/wp\/v2\/media?parent=72"}],"curies":[{"name":"wp","href":"https:\/\/api.w.org\/{rel}","templated":true}]}}