{"id":3,"date":"2025-07-29T17:22:11","date_gmt":"2025-07-29T17:22:11","guid":{"rendered":"https:\/\/se-sermas.azurewebsites.net\/?page_id=3"},"modified":"2025-08-14T03:41:11","modified_gmt":"2025-08-14T03:41:11","slug":"privacidad","status":"publish","type":"page","link":"https:\/\/se-sermas.azurewebsites.net\/index.php\/privacidad\/","title":{"rendered":"Aviso de privacidad"},"content":{"rendered":"\n<h2 class=\"wp-block-heading\"><\/h2>\n\n\n\n<p class=\"has-medium-font-size\"><strong>I. IDENTIDAD DEL RESPONSABLE<\/strong><\/p>\n\n\n\n<p>LAURA EMILIANA RODR\u00cdGUEZ MORALES, con domicilio en Callej\u00f3n De los Luna n\u00famero 13 de la colonia San Lorenzo Huipulco, Delegaci\u00f3n Tlalpan, C.P. 14370 de la ciudad de M\u00e9xico, es la responsable del uso y protecci\u00f3n de sus datos personales, y al respecto le informa lo siguiente:<\/p>\n\n\n\n<p class=\"has-medium-font-size\"><strong>II. FINALIDADES<\/strong><\/p>\n\n\n\n<p>Los datos personales recabados por escrito, de forma verbal, correo electr\u00f3nico, o cualquier otro medio de comunicaci\u00f3n o contacto, ser\u00e1n utilizados para las siguientes finalidades en forma enunciativa m\u00e1s no limitativa:<\/p>\n\n\n\n<ul class=\"wp-block-list\">\n<li>Identificaci\u00f3n, localizaci\u00f3n y contacto.<\/li>\n\n\n\n<li>Responder a sus consultas y peticiones.<\/li>\n\n\n\n<li>Invitaci\u00f3n a eventos de presentaci\u00f3n de estudios, conferencias, ruedas de prensa, entre otros.<\/li>\n\n\n\n<li>Efectuar el registro a eventos de presentaci\u00f3n de estudios, conferencias, ruedas de prensa, entre otros.<\/li>\n\n\n\n<li>Realizar estad\u00edsticas de consulta.<\/li>\n\n\n\n<li>Medir la utilizaci\u00f3n y mejorar el contenido del sitio web.<\/li>\n\n\n\n<li>Env\u00edo de noticias e informaci\u00f3n.<\/li>\n<\/ul>\n\n\n\n<p class=\"has-medium-font-size\"><strong>III. DATOS RECABADOS<\/strong><\/p>\n\n\n\n<p>Para llevar a cabo las finalidades descritas en el presente aviso de privacidad, los datos que se obtienen son los siguientes:<\/p>\n\n\n\n<ul class=\"wp-block-list\">\n<li>Nombre(s)<\/li>\n\n\n\n<li>Apellido paterno y materno.<\/li>\n\n\n\n<li>Fecha y lugar de nacimiento.<\/li>\n\n\n\n<li>Nacionalidad.<\/li>\n\n\n\n<li>Lugar de residencia.<\/li>\n\n\n\n<li>Direcci\u00f3n de correo electr\u00f3nico.<\/li>\n\n\n\n<li>G\u00e9nero.<\/li>\n\n\n\n<li>Estado Civil.<\/li>\n\n\n\n<li>Ocupaci\u00f3n.<\/li>\n\n\n\n<li>Nivel de estudios<\/li>\n\n\n\n<li>Carrera profesional.<\/li>\n\n\n\n<li>Universidad o escuela de la que es egresado de licenciatura, especialidad, posgrado, maestr\u00eda o doctorado.<\/li>\n\n\n\n<li>Empresa o lugar donde labora.<\/li>\n\n\n\n<li>Puesto.<\/li>\n<\/ul>\n\n\n\n<p>Se informa que LAURA EMILIANA RODR\u00cdGUEZ MORALES, no recabar\u00e1 datos que son considerados sensibles por la Ley Federal de Protecci\u00f3n de Datos Personales en Posesi\u00f3n de Particulares<sup>(1)<\/sup> que puedan revelar aspectos como:<\/p>\n\n\n\n<ul class=\"wp-block-list\">\n<li>Origen racial o \u00e9tnico.<\/li>\n\n\n\n<li>Estado de salud presente o futuro.<\/li>\n\n\n\n<li>Informaci\u00f3n gen\u00e9tica.<\/li>\n\n\n\n<li>Creencias religiosas, filos\u00f3ficas y morales.<\/li>\n\n\n\n<li>Afiliaci\u00f3n sindical.<\/li>\n\n\n\n<li>Opiniones pol\u00edticas.<\/li>\n\n\n\n<li>Preferencia sexual.<\/li>\n<\/ul>\n\n\n\n<p>La temporalidad del manejo de estos datos ser\u00e1 indeterminada desde el momento en que los proporcione. En caso de no estar de acuerdo se podr\u00e1 hacer la solicitud y se dejar\u00e1n de utilizar sin ninguna responsabilidad por parte de LAURA EMILIANA RODR\u00cdGUEZ MORALES.<\/p>\n\n\n\n<p>Los datos personales proporcionados se mantendr\u00e1n en confidencialidad, de acuerdo a las medidas de seguridad que LAURA EMILIANA RODR\u00cdGUEZ MORALES implemente para ese fin, ya sea de forma f\u00edsica, t\u00e9cnica o administrativa, con el objetivo de proteger los datos contra da\u00f1o, p\u00e9rdida, alteraci\u00f3n, destrucci\u00f3n o el uso, acceso o tratamiento no autorizado.<\/p>\n\n\n\n<p>Al proporcionarnos sus datos personales y no manifieste su oposici\u00f3n, se presumir\u00e1 su total aceptaci\u00f3n al presente aviso de privacidad.&nbsp;<\/p>\n\n\n\n<p>De acuerdo a la Ley Federal de Protecci\u00f3n de Datos Personales en Posesi\u00f3n de Particulares, no ser\u00e1 necesario el consentimiento para el tratamiento de los datos personales cuando:&nbsp;<\/p>\n\n\n\n<ol class=\"wp-block-list\">\n<li>Este previsto en una ley;&nbsp;<\/li>\n\n\n\n<li>Los datos figuren en fuentes de acceso p\u00fablico;<\/li>\n\n\n\n<li>Los datos personales se sometan a un procedimiento previo de disociaci\u00f3n;&nbsp;<\/li>\n\n\n\n<li>Tenga el prop\u00f3sito de cumplir obligaciones derivadas de una relaci\u00f3n jur\u00eddica entre el titular y el responsable;&nbsp;<\/li>\n\n\n\n<li>Exista una situaci\u00f3n de emergencia que potencialmente pueda da\u00f1ar a un individuo en su persona o en sus bienes;<\/li>\n\n\n\n<li>Sean indispensables para la atenci\u00f3n m\u00e9dica, la prevenci\u00f3n, diagn\u00f3stico, la prestaci\u00f3n de asistencia sanitaria, tratamientos m\u00e9dicos o la gesti\u00f3n de servicios sanitarios, mientras el titular no est\u00e9 en condiciones de otorgar consentimiento, en los t\u00e9rminos que establece la Ley General de Salud y dem\u00e1s disposiciones jur\u00eddicas aplicables y que dicho tratamiento de datos se realice por una persona sujeta al secreto profesional u obligaci\u00f3n equivalente, o<\/li>\n\n\n\n<li>Se dicte resoluci\u00f3n de autoridad competente.<\/li>\n<\/ol>\n\n\n\n<p><sup>(1) <\/sup>Art\u00edculo 2, fracci\u00f3n VI, de la Ley Federal de Protecci\u00f3n de Datos Personales en Posesi\u00f3n de Particulares.<\/p>\n\n\n\n<p>En:&nbsp;https:\/\/www.diputados.gob.mx\/LeyesBiblio\/pdf\/LFPDPPP.pdf<\/p>\n\n\n\n<p class=\"has-medium-font-size\"><strong>IV. TRANSFERENCIAS<\/strong><\/p>\n\n\n\n<p>Le informamos que LAURA EMILIANA RODR\u00cdGUEZ MORALES no realiza transferencias de los datos personales recabados.<\/p>\n\n\n\n<p class=\"has-medium-font-size\"><strong>V. EJERCICIO DE DERECHOS ARCO<\/strong><\/p>\n\n\n\n<p>Usted tiene derecho a conocer qu\u00e9 datos personales tenemos de usted, as\u00ed como el uso y tratamiento que les damos (Acceso). Asimismo, es su derecho solicitar la correcci\u00f3n de su informaci\u00f3n personal en caso de que est\u00e9 desactualizada, sea inexacta o incompleta (Rectificaci\u00f3n); que la eliminemos de nuestros registros o bases de datos cuando considere que la misma no est\u00e1 siendo utilizada conforme a los principios, deberes y obligaciones previstas en la normativa (Cancelaci\u00f3n); as\u00ed como oponerse al uso de sus datos personales para fines espec\u00edficos (Oposici\u00f3n). Estos derechos se conocen como derechos ARCO.<\/p>\n\n\n\n<p>Para el ejercicio de cualquiera de los derechos ARCO, usted deber\u00e1 enviar un escrito dirigido a LAURA EMILIANA RODR\u00cdGUEZ MORALES a la siguiente direcci\u00f3n de correo electr\u00f3nico: emiliana@madeforjoy.life.<\/p>\n\n\n\n<p>El escrito deber\u00e1 contener y adjuntar los siguientes documentos en copia escaneada o PDF:<\/p>\n\n\n\n<ul class=\"wp-block-list\">\n<li>El nombre del titular y domicilio u otro medio para comunicarle la respuesta a su solicitud.<\/li>\n\n\n\n<li>Copia de una identificaci\u00f3n oficial vigente del titular de los datos personales o, en caso de que el tr\u00e1mite se lleve a cabo por un representante legal, se deber\u00e1 adjuntar carta poder notarial o carta poder firmada ante dos testigos, as\u00ed como una copia de la identificaci\u00f3n oficial vigente del representante legal y de los testigos.<\/li>\n\n\n\n<li>La descripci\u00f3n clara y precisa de los datos personales respecto de los que se busca ejercer alguno de los derechos antes mencionados.<\/li>\n\n\n\n<li>Cualquier otro elemento o documento que facilite la localizaci\u00f3n de los datos personales.<\/li>\n\n\n\n<li>En caso de que la informaci\u00f3n proporcionada sea insuficiente o ambigua, o no se acredite la personalidad, se le podr\u00e1 solicitar dentro de los 5 d\u00edas siguientes a la presentaci\u00f3n de su solicitud que aporte los elementos o documentos necesarios para dar tr\u00e1mite a la misma. Usted contar\u00e1 con 10 d\u00edas h\u00e1biles para proporcionar aquellos datos faltantes a su solicitud o dar respuesta al requerimiento que se le indique.<\/li>\n\n\n\n<li>En caso de que no se reciba respuesta dentro del plazo establecido, se tendr\u00e1 por no presentada la solicitud correspondiente.<\/li>\n\n\n\n<li>En un plazo m\u00e1ximo de 20 d\u00edas se le comunicar\u00e1 si su solicitud resulta procedente. En caso de que resulte procedente, dentro de los 15 d\u00edas siguientes se har\u00e1 efectivo el ejercicio del derecho que usted solicite y se le notificar\u00e1n los resultados de su petici\u00f3n.<\/li>\n\n\n\n<li>Los plazos antes referidos podr\u00e1n ser ampliados una sola vez por un periodo igual, siempre y cuando as\u00ed lo justifiquen las circunstancias del caso y se le notificar\u00e1 a trav\u00e9s de los medios de contacto proporcionados.<\/li>\n<\/ul>\n\n\n\n<p>Los datos de contacto de la persona que dar\u00e1 tr\u00e1mite a las solicitudes para el ejercicio de los derechos ARCO, as\u00ed como atender cualquier duda que pudiera tener respecto al tratamiento de su informaci\u00f3n son los siguientes:<\/p>\n\n\n\n<p>A la direcci\u00f3n de LAURA EMILIANA RODR\u00cdGUEZ MORALES, con domicilio en Callej\u00f3n De los Luna n\u00famero 13 de la colonia San Lorenzo Huipulco, Delegaci\u00f3n Tlalpan, C.P. 14370, Ciudad de M\u00e9xico, M\u00e9xico y correo electr\u00f3nico: emiliana@madeforjoy.life.<\/p>\n\n\n\n<p class=\"has-medium-font-size\"><strong>VI. REVOCACI\u00d3N DEL CONSENTIMIENTO<\/strong><\/p>\n\n\n\n<p>Usted puede revocar el consentimiento que, en su caso, nos haya otorgado para el tratamiento de sus datos personales en cualquier momento. Sin embargo, es importante tener en cuenta que, para ciertos fines, la revocaci\u00f3n de su consentimiento implicar\u00e1 que no le podamos seguir prestando el servicio que nos solicit\u00f3, o la conclusi\u00f3n de su relaci\u00f3n con nosotros.<\/p>\n\n\n\n<p>Para solicitar la revocaci\u00f3n del consentimiento deber\u00e1 enviar un correo electr\u00f3nico a <a href=\"mailto:emiliana@madeforjoy.life\">emiliana@madeforjoy.life<\/a>. en donde se le informar\u00e1 el procedimiento a seguir.<\/p>\n\n\n\n<p class=\"has-medium-font-size\"><strong>VII. LIMITACI\u00d3N AL USO O DIVULGACI\u00d3N DE LOS DATOS PERSONALES<\/strong><\/p>\n\n\n\n<p>Si desea limitar el uso o divulgaci\u00f3n de los datos personales que nos ha otorgado con fines de publicidad y\/o mercadotecnia, env\u00edenos un correo a <a href=\"mailto:emiliana@madeforjoy.life\">emiliana@madeforjoy.life<\/a> o puede darse de baja autom\u00e1ticamente desde los correos que le enviaremos, haciendo clic en la parte \u201cSi no desea recibir esta informaci\u00f3n favor de hacer click aqu\u00ed.\u201d<\/p>\n\n\n\n<p class=\"has-medium-font-size\"><strong>CAMBIOS EN EL AVISO DE PRIVACIDAD<\/strong><\/p>\n\n\n\n<p>El presente aviso de privacidad podr\u00e1 ser modificado o actualizado en cualquier momento. Dichas modificaciones ser\u00e1n informadas de manera oportuna a trav\u00e9s de correo electr\u00f3nico, tel\u00e9fono, o cualquier otro medio de comunicaci\u00f3n que se haya proporcionado para contacto.<\/p>\n\n\n\n<p>En caso de que considere que la protecci\u00f3n de sus datos personales no ha sido debidamente atendida, le informamos que usted tiene el derecho de acudir ante el Instituto Nacional de Transparencia, Acceso a la Informaci\u00f3n y Protecci\u00f3n de Datos Personales (INAI). Para m\u00e1s informaci\u00f3n consulte su p\u00e1gina de internet:&nbsp;<a href=\"https:\/\/home.inai.org.mx\/\">https:\/\/home.inai.org.mx\/<\/a>&nbsp;<\/p>\n\n\n\n<p>Todo lo anterior, se informa en cumplimiento al articulado establecido dentro del cap\u00edtulo II de la Ley Federal de Protecci\u00f3n de Datos Personales en Posesi\u00f3n de los Particulares.<\/p>\n","protected":false},"excerpt":{"rendered":"<p>I. IDENTIDAD DEL RESPONSABLE LAURA EMILIANA RODR\u00cdGUEZ MORALES, con domicilio en Callej\u00f3n De los Luna n\u00famero 13 de la colonia San Lorenzo Huipulco, Delegaci\u00f3n Tlalpan, C.P. 14370 de la ciudad de M\u00e9xico, es la responsable del uso y protecci\u00f3n de sus datos personales, y al respecto le informa lo siguiente: II. FINALIDADES Los datos personales [&hellip;]<\/p>\n","protected":false},"author":5,"featured_media":0,"parent":0,"menu_order":0,"comment_status":"closed","ping_status":"closed","template":"","meta":{"_et_pb_use_builder":"","_et_pb_old_content":"","_et_gb_content_width":"","iawp_total_views":56,"footnotes":""},"class_list":["post-3","page","type-page","status-publish","hentry"],"_links":{"self":[{"href":"https:\/\/se-sermas.azurewebsites.net\/index.php\/wp-json\/wp\/v2\/pages\/3","targetHints":{"allow":["GET"]}}],"collection":[{"href":"https:\/\/se-sermas.azurewebsites.net\/index.php\/wp-json\/wp\/v2\/pages"}],"about":[{"href":"https:\/\/se-sermas.azurewebsites.net\/index.php\/wp-json\/wp\/v2\/types\/page"}],"author":[{"embeddable":true,"href":"https:\/\/se-sermas.azurewebsites.net\/index.php\/wp-json\/wp\/v2\/users\/5"}],"replies":[{"embeddable":true,"href":"https:\/\/se-sermas.azurewebsites.net\/index.php\/wp-json\/wp\/v2\/comments?post=3"}],"version-history":[{"count":4,"href":"https:\/\/se-sermas.azurewebsites.net\/index.php\/wp-json\/wp\/v2\/pages\/3\/revisions"}],"predecessor-version":[{"id":509,"href":"https:\/\/se-sermas.azurewebsites.net\/index.php\/wp-json\/wp\/v2\/pages\/3\/revisions\/509"}],"wp:attachment":[{"href":"https:\/\/se-sermas.azurewebsites.net\/index.php\/wp-json\/wp\/v2\/media?parent=3"}],"curies":[{"name":"wp","href":"https:\/\/api.w.org\/{rel}","templated":true}]}}